{"id":5820,"date":"2022-02-12T10:34:58","date_gmt":"2022-02-12T10:34:58","guid":{"rendered":"https:\/\/orgehome.com\/?page_id=5820"},"modified":"2023-01-19T20:13:10","modified_gmt":"2023-01-19T20:13:10","slug":"contact-us","status":"publish","type":"page","link":"https:\/\/orgehome.com\/en\/contact-us\/","title":{"rendered":"Contact Us"},"content":{"rendered":"\n<div class=\"wp-block-eternelblocks-hero-image alignfull has-h-320-px@large has-h-320-px@medium has-h-300-px@small has-anim u-cursor-opposite\"><div class=\"wp-block-eternelblocks-hero-image__image image-cover parallax-center false\"><img decoding=\"async\" width=\"1800\" height=\"450\" src=\"https:\/\/orgehome.com\/wp-content\/uploads\/2022\/01\/header.jpg\" alt=\"\" class=\"wp-image-2025\"\/><\/div><div class=\"wp-block-eternelblocks-hero-image__overlay has-op-50\"><\/div><div class=\"wp-block-eternelblocks-hero-image__inner-wrapper position-middle-center has-50-w@large has-70-w@medium has-80-w@small\"><div class=\"wp-block-eternelblocks-hero-image__inner-container\"><div class=\"wp-block-eternelblocks-hero-image__inner\"><\/div><\/div><\/div><\/div>\n\n\n\n<div class=\"wp-block-eternelblocks-spacer has-124-height@large has-82-height@medium has-68-height@small\"><\/div>\n\n\n\n<div class=\"wp-block-columns is-layout-flex wp-container-core-columns-is-layout-9d6595d7 wp-block-columns-is-layout-flex\">\n<div class=\"wp-block-column is-layout-flow wp-block-column-is-layout-flow\" style=\"flex-basis:100%\">\n<div class=\"wp-block-columns eternel-gap-100 eternel-gap-100@large is-layout-flex wp-container-core-columns-is-layout-9d6595d7 wp-block-columns-is-layout-flex\" style=\"margin-bottom:0\">\n<div class=\"wp-block-column is-vertically-aligned-center is-layout-flow wp-block-column-is-layout-flow\" style=\"flex-basis:30%\">\n<p style=\"font-size:14px;margin-bottom:2px;letter-spacing:1.4px\">WE WILL BE HAPPY TO ASSIST YOU<\/p>\n\n\n\n<h3 class=\"wp-block-heading\" style=\"margin-bottom:14px\">LET\u2019S MAKE GREAT, UNIQUE THINGS<\/h3>\n\n\n\n<p style=\"margin-bottom:18px\">If you have anything exciting in mind, drop us an email or pop in for a coffee. Our doors are always open and we are happy to welcome you!<\/p>\n\n\n\n<div class=\"wp-block-eternelblocks-social row-v\" style=\"justify-content:flex-start\" data-hcolor=\"#1f1f1f\"><div class=\"wp-block-eternelblocks-social__profile\"><a href=\"#\" target=\"_blank\" rel=\"noopener noreferrer\"><svg aria-hidden=\"true\" role=\"img\" xmlns=\"http:\/\/www.w3.org\/2000\/svg\" width=\"14\" height=\"14\" viewbox=\"0 0 320 512\" class=\"modesticon modesticon-facebook\"><path d=\"M279.14 288l14.22-92.66h-88.91v-60.13c0-25.35 12.42-50.06 52.24-50.06h40.42V6.26S260.43 0 225.36 0c-73.22 0-121.08 44.38-121.08 124.72v70.62H22.89V288h81.39v224h100.17V288z\"><\/path><\/svg><\/a><\/div><div class=\"wp-block-eternelblocks-social__profile\"><a href=\"#\" target=\"_blank\" rel=\"noopener noreferrer\"><svg aria-hidden=\"true\" role=\"img\" xmlns=\"http:\/\/www.w3.org\/2000\/svg\" width=\"14\" height=\"14\" viewbox=\"0 0 24 24\" class=\"modesticon modesticon-twitter\"><path d=\"M24 4.557c-.883.392-1.832.656-2.828.775 1.017-.609 1.798-1.574 2.165-2.724-.951.564-2.005.974-3.127 1.195-.897-.957-2.178-1.555-3.594-1.555-3.179 0-5.515 2.966-4.797 6.045-4.091-.205-7.719-2.165-10.148-5.144-1.29 2.213-.669 5.108 1.523 6.574-.806-.026-1.566-.247-2.229-.616-.054 2.281 1.581 4.415 3.949 4.89-.693.188-1.452.232-2.224.084.626 1.956 2.444 3.379 4.6 3.419-2.07 1.623-4.678 2.348-7.29 2.04 2.179 1.397 4.768 2.212 7.548 2.212 9.142 0 14.307-7.721 13.995-14.646.962-.695 1.797-1.562 2.457-2.549z\"><\/path><\/svg><\/a><\/div><div class=\"wp-block-eternelblocks-social__profile\"><a href=\"#\" target=\"_blank\" rel=\"noopener noreferrer\"><svg aria-hidden=\"true\" role=\"img\" xmlns=\"http:\/\/www.w3.org\/2000\/svg\" width=\"14\" height=\"14\" viewbox=\"0 0 24 24\" class=\"modesticon modesticon-instagram\"><path d=\"M12 2.163c3.204 0 3.584.012 4.85.07 3.252.148 4.771 1.691 4.919 4.919.058 1.265.069 1.645.069 4.849 0 3.205-.012 3.584-.069 4.849-.149 3.225-1.664 4.771-4.919 4.919-1.266.058-1.644.07-4.85.07-3.204 0-3.584-.012-4.849-.07-3.26-.149-4.771-1.699-4.919-4.92-.058-1.265-.07-1.644-.07-4.849 0-3.204.013-3.583.07-4.849.149-3.227 1.664-4.771 4.919-4.919 1.266-.057 1.645-.069 4.849-.069zm0-2.163c-3.259 0-3.667.014-4.947.072-4.358.2-6.78 2.618-6.98 6.98-.059 1.281-.073 1.689-.073 4.948 0 3.259.014 3.668.072 4.948.2 4.358 2.618 6.78 6.98 6.98 1.281.058 1.689.072 4.948.072 3.259 0 3.668-.014 4.948-.072 4.354-.2 6.782-2.618 6.979-6.98.059-1.28.073-1.689.073-4.948 0-3.259-.014-3.667-.072-4.947-.196-4.354-2.617-6.78-6.979-6.98-1.281-.059-1.69-.073-4.949-.073zm0 5.838c-3.403 0-6.162 2.759-6.162 6.162s2.759 6.163 6.162 6.163 6.162-2.759 6.162-6.163c0-3.403-2.759-6.162-6.162-6.162zm0 10.162c-2.209 0-4-1.79-4-4 0-2.209 1.791-4 4-4s4 1.791 4 4c0 2.21-1.791 4-4 4zm6.406-11.845c-.796 0-1.441.645-1.441 1.44s.645 1.44 1.441 1.44c.795 0 1.439-.645 1.439-1.44s-.644-1.44-1.439-1.44z\"><\/path><\/svg><\/a><\/div><div class=\"wp-block-eternelblocks-social__profile\"><a href=\"#\" target=\"_blank\" rel=\"noopener noreferrer\"><svg aria-hidden=\"true\" role=\"img\" xmlns=\"http:\/\/www.w3.org\/2000\/svg\" width=\"14\" height=\"14\" viewbox=\"0 0 24 24\" class=\"modesticon modesticon-dribbble\"><path d=\"M12 0c-6.628 0-12 5.373-12 12s5.372 12 12 12 12-5.373 12-12-5.372-12-12-12zm9.885 11.441c-2.575-.422-4.943-.445-7.103-.073-.244-.563-.497-1.125-.767-1.68 2.31-1 4.165-2.358 5.548-4.082 1.35 1.594 2.197 3.619 2.322 5.835zm-3.842-7.282c-1.205 1.554-2.868 2.783-4.986 3.68-1.016-1.861-2.178-3.676-3.488-5.438.779-.197 1.591-.314 2.431-.314 2.275 0 4.368.779 6.043 2.072zm-10.516-.993c1.331 1.742 2.511 3.538 3.537 5.381-2.43.715-5.331 1.082-8.684 1.105.692-2.835 2.601-5.193 5.147-6.486zm-5.44 8.834l.013-.256c3.849-.005 7.169-.448 9.95-1.322.233.475.456.952.67 1.432-3.38 1.057-6.165 3.222-8.337 6.48-1.432-1.719-2.296-3.927-2.296-6.334zm3.829 7.81c1.969-3.088 4.482-5.098 7.598-6.027.928 2.42 1.609 4.91 2.043 7.46-3.349 1.291-6.953.666-9.641-1.433zm11.586.43c-.438-2.353-1.08-4.653-1.92-6.897 1.876-.265 3.94-.196 6.199.196-.437 2.786-2.028 5.192-4.279 6.701z\"><\/path><\/svg><\/a><\/div><\/div>\n\n\n\n<div class=\"wp-block-contact-form-7-contact-form-selector gizli\">\n<div class=\"wpcf7 no-js\" id=\"wpcf7-f1465-o1\" lang=\"en-US\" dir=\"ltr\" data-wpcf7-id=\"1465\">\n<div class=\"screen-reader-response\"><p role=\"status\" aria-live=\"polite\" aria-atomic=\"true\"><\/p> <ul><\/ul><\/div>\n<form action=\"\/en\/wp-json\/wp\/v2\/pages\/5820#wpcf7-f1465-o1\" method=\"post\" class=\"wpcf7-form init\" aria-label=\"Contact form\" novalidate=\"novalidate\" data-status=\"init\">\n<fieldset class=\"hidden-fields-container\"><input type=\"hidden\" name=\"_wpcf7\" value=\"1465\" \/><input type=\"hidden\" name=\"_wpcf7_version\" value=\"6.1.5\" \/><input type=\"hidden\" name=\"_wpcf7_locale\" value=\"en_US\" \/><input type=\"hidden\" name=\"_wpcf7_unit_tag\" value=\"wpcf7-f1465-o1\" \/><input type=\"hidden\" name=\"_wpcf7_container_post\" value=\"0\" \/><input type=\"hidden\" name=\"_wpcf7_posted_data_hash\" value=\"\" \/>\n<\/fieldset>\n<div class=\"o-row o-row--inner\">\n  <div class=\"o-row__column o-row__column--span-6 o-row__column--span-12@small\">\n    <span class=\"wpcf7-form-control-wrap\" data-name=\"your-name\"><input size=\"40\" maxlength=\"400\" class=\"wpcf7-form-control wpcf7-text wpcf7-validates-as-required\" aria-required=\"true\" aria-invalid=\"false\" placeholder=\"Ad\u0131n\u0131z, Soyad\u0131n\u0131z *\" value=\"\" type=\"text\" name=\"your-name\" \/><\/span>\n  <\/div>\n  <div class=\"o-row__column o-row__column--span-6 o-row__column--span-12@small\">\n    <span class=\"wpcf7-form-control-wrap\" data-name=\"your-email\"><input size=\"40\" maxlength=\"400\" class=\"wpcf7-form-control wpcf7-email wpcf7-validates-as-required wpcf7-text wpcf7-validates-as-email\" aria-required=\"true\" aria-invalid=\"false\" placeholder=\"E-mail Adresiniz *\" value=\"\" type=\"email\" name=\"your-email\" \/><\/span>\n  <\/div>\n  <div class=\"o-row__column o-row__column--span-12\">\n    <span class=\"wpcf7-form-control-wrap\" data-name=\"your-message\"><textarea cols=\"40\" rows=\"10\" maxlength=\"2000\" class=\"wpcf7-form-control wpcf7-textarea\" aria-invalid=\"false\" placeholder=\"Mesaj\u0131n\u0131z *\" name=\"your-message\"><\/textarea><\/span>\n  <\/div>\n  <div class=\"o-row__column o-row__column--span-12\">\n    <button class=\"wpcf7-form-control wpcf7-submit eternel-button\" type=\"submit\" value=\"G\u00f6nder\"><span class=\"eternel-button__holder\"><span class=\"eternel-button__text\">G\u00f6nder<\/span><span class=\"eternel-button__text--over\">G\u00f6nder<\/span><\/span><\/button>\n  <\/div>\n<\/div><p style=\"display: none !important;\"><label>&#916;<textarea name=\"_wpcf7_ak_hp_textarea\" cols=\"45\" rows=\"8\" maxlength=\"100\"><\/textarea><\/label><input type=\"hidden\" id=\"ak_js\" name=\"_wpcf7_ak_js\" value=\"153\"\/><script>document.getElementById( \"ak_js\" ).setAttribute( \"value\", ( new Date() ).getTime() );<\/script><\/p><input type='hidden' class='wpcf7-pum' value='{\"closepopup\":false,\"closedelay\":0,\"openpopup\":false,\"openpopup_id\":0}' \/><div class=\"wpcf7-response-output\" aria-hidden=\"true\"><\/div>\n<\/form>\n<\/div>\n<\/div>\n\n\n\n<div class=\"wp-block-eternelblocks-spacer has-62-height@small\"><\/div>\n<\/div>\n\n\n\n<div class=\"wp-block-column is-vertically-aligned-top is-layout-flow wp-block-column-is-layout-flow\" style=\"padding-top:0px;padding-right:0px;padding-bottom:0px;padding-left:0px;flex-basis:25%\">\n<h5 class=\"izmiriletisim wp-block-heading\" style=\"margin-bottom:14px\">IZMIR \/ CENTER<\/h5>\n\n\n\n<div class=\"wp-block-eternelblocks-link has-mb-4\"><a href=\"https:\/\/www.google.com\/maps\/place\/%C3%96rge+Home+Style\/@38.4288117,27.136146,15z\/data=!4m2!3m1!1s0x0:0xe14f0ba95bee0145?sa=X&amp;ved=2ahUKEwintL-h27j1AhVrSfEDHQi_ByIQ_BJ6BAgqEAU\" target=\"_blank\" rel=\"noreferrer noopener\" class=\"wp-block-eternelblocks-link__wrapper\"><span class=\"wp-block-eternelblocks-link__text\">\u015eehit Nevres Bulvar\u0131 No:3\/B<\/span><br\/><span class=\"wp-block-eternelblocks-link__text-two\">Alsancak \u0130ZM\u0130R \/ T\u00dcRK\u0130YE<\/span><\/a><\/div>\n\n\n\n<div class=\"wp-block-eternelblocks-link has-mb-4 konumicin\"><a href=\"https:\/\/www.google.com\/maps\/place\/%C3%96rge+Home+Style\/@38.4288117,27.136146,15z\/data=!4m2!3m1!1s0x0:0xe14f0ba95bee0145?sa=X&amp;ved=2ahUKEwintL-h27j1AhVrSfEDHQi_ByIQ_BJ6BAgqEAU\" target=\"_blank\" rel=\"noreferrer noopener\" class=\"wp-block-eternelblocks-link__wrapper\"><span class=\"wp-block-eternelblocks-link__text\"> <div class=\"konumico\"> <svg version=\"1.1\" id=\"katman_1\" xmlns=\"http:\/\/www.w3.org\/2000\/svg\" xmlns:xlink=\"http:\/\/www.w3.org\/1999\/xlink\" x=\"0px\" y=\"0px\" viewbox=\"0 0 700 700\" style=\"enable-background:new 0 0 700 700;\" xml:space=\"preserve\"> <path d=\"M350,98c-97.4,0-176.4,79-176.4,176.4c0,38.1,12.3,81.8,33,110.9L350,602l143.4-216.7c20.7-29.1,33-72.2,33-110.9\n\tC526.4,177,447.4,98,350,98L350,98z M350,341.6c-37,0-67.2-30.2-67.2-67.2s30.2-67.2,67.2-67.2s67.2,30.2,67.2,67.2\n\tC417.2,311.4,387,341.6,350,341.6z\"> <\/svg> <\/div> Click for location<\/span><\/a><\/div>\n\n\n\n<div class=\"wp-block-eternelblocks-link st-ul has-mb-8\"><a href=\"mailto:info@orgehome.com\" class=\"wp-block-eternelblocks-link__wrapper\"><span class=\"wp-block-eternelblocks-link__text\">info@orgehome.com<\/span><\/a><\/div>\n\n\n\n<div class=\"wp-block-eternelblocks-link\"><a href=\"tel:05539720330\" class=\"wp-block-eternelblocks-link__wrapper\"><span class=\"wp-block-eternelblocks-link__text\">+90 (553) 972-0330<\/span><\/a><\/div>\n\n\n\n<div class=\"wp-block-eternelblocks-spacer has-32-height@small\"><\/div>\n<\/div>\n\n\n\n<div class=\"wp-block-column is-vertically-aligned-top is-layout-flow wp-block-column-is-layout-flow\" style=\"flex-basis:25%\">\n<h5 class=\"wp-block-heading\" style=\"margin-bottom:14px\">ISTANBUL \/ SKYLAND HOM<\/h5>\n\n\n\n<div class=\"wp-block-eternelblocks-link has-mb-4\"><a href=\"https:\/\/g.page\/homdesigncenter?share\" target=\"_blank\" rel=\"noreferrer noopener\" class=\"wp-block-eternelblocks-link__wrapper\"><span class=\"wp-block-eternelblocks-link__text\">Huzur Mah. Azerbaycan cad No:114<\/span><br\/><span class=\"wp-block-eternelblocks-link__text-two\">Skyland Hom, Sar\u0131yer<\/span><\/a><\/div>\n\n\n\n<div class=\"wp-block-eternelblocks-link has-mb-4 konumicin\"><a href=\"https:\/\/g.page\/homdesigncenter?share\" target=\"_blank\" rel=\"noreferrer noopener\" class=\"wp-block-eternelblocks-link__wrapper\"><span class=\"wp-block-eternelblocks-link__text\">\n<div class=\"konumico\">\n<svg version=\"1.1\" id=\"katman_1\" xmlns=\"http:\/\/www.w3.org\/2000\/svg\" xmlns:xlink=\"http:\/\/www.w3.org\/1999\/xlink\" x=\"0px\" y=\"0px\" viewBox=\"0 0 700 700\" style=\"enable-background:new 0 0 700 700;\" xml:space=\"preserve\">\n<path d=\"M350,98c-97.4,0-176.4,79-176.4,176.4c0,38.1,12.3,81.8,33,110.9L350,602l143.4-216.7c20.7-29.1,33-72.2,33-110.9\n\tC526.4,177,447.4,98,350,98L350,98z M350,341.6c-37,0-67.2-30.2-67.2-67.2s30.2-67.2,67.2-67.2s67.2,30.2,67.2,67.2\n\tC417.2,311.4,387,341.6,350,341.6z\"><\/path>\n<\/svg>\n<\/div>\nClick for location<\/span><\/a><\/div>\n\n\n\n<div class=\"wp-block-eternelblocks-link st-ul has-mb-8\"><a href=\"mailto:info@orgehome.com\" class=\"wp-block-eternelblocks-link__wrapper\"><span class=\"wp-block-eternelblocks-link__text\">info@orgehome.com<\/span><\/a><\/div>\n\n\n\n<div class=\"wp-block-eternelblocks-link\"><a href=\"tel:0537 561 84 90\" class=\"wp-block-eternelblocks-link__wrapper\"><span class=\"wp-block-eternelblocks-link__text\"><meta charset=\"utf-8\">+90 (537) 561-8490<\/span><\/a><\/div>\n<\/div>\n<\/div>\n<\/div>\n<\/div>\n\n\n\n<div class=\"wp-block-eternelblocks-spacer has-54-height@large has-82-height@medium has-68-height@small\"><\/div>\n\n\n\n<div class=\"wp-block-webfactory-map\"><div class=\"wp-block-webfactory-map\"><iframe width=\"100%\" height=\"551px\" src=\"https:\/\/www.google.com\/maps\/embed\/v1\/place?q=%C3%96rge%20Home&amp;maptype=roadmap&amp;zoom=17&amp;key=AIzaSyAjyDspiPfzEfjRSS5fQzm-3jHFjHxeXB4\" frameborder=\"0\"><\/iframe><\/div><\/div>\n\n\n\n<div style=\"height:20px\" aria-hidden=\"true\" class=\"wp-block-spacer\"><\/div>\n","protected":false},"excerpt":{"rendered":"","protected":false},"author":1,"featured_media":0,"parent":0,"menu_order":0,"comment_status":"closed","ping_status":"closed","template":"","meta":{"_eternelmeta_header_display":true,"_eternelmeta_header_style":"style-one","_eternelmeta_header_border":false,"_eternelmeta_header_main_nav":true,"_eternelmeta_header_main_nav_pos":"right","_eternelmeta_header_main_nav_light":true,"_eternelmeta_header_sec_nav":true,"_eternelmeta_header_sec_nav_light":true,"_eternelmeta_header_sec_logo":true,"_eternelmeta_header_bg":"transparent","_eternelmeta_header_cursor_color":true,"_eternelmeta_header_sticky":true,"_eternelmeta_header_search_icon_display":false,"_eternelmeta_header_search_icon_light":false,"_eternelmeta_header_woo_cart_display":false,"_eternelmeta_header_woo_icon_light":false,"_eternelmeta_header_sticky_style":"style-one","_eternelmeta_header_sticky_border":true,"_eternelmeta_header_sticky_main_nav":true,"_eternelmeta_header_sticky_main_nav_pos":"right","_eternelmeta_header_sticky_main_nav_light":false,"_eternelmeta_header_sticky_sec_nav":true,"_eternelmeta_header_sticky_sec_nav_light":false,"_eternelmeta_header_sticky_sec_logo":false,"_eternelmeta_header_sticky_bg":"light","_eternelmeta_header_sticky_cursor_color":false,"_eternelmeta_header_sticky_search_icon_display":false,"_eternelmeta_header_sticky_search_icon_light":false,"_eternelmeta_header_sticky_woo_cart_display":false,"_eternelmeta_header_sticky_woo_icon_light":false,"_eternelmeta_footer_widget":true,"_eternelmeta_footer_dark_mode":true,"_eternelmeta_footer_cursor_color":true,"_eternelmeta_footer_info":true,"_eternelmeta_footer_border":false,"_eternelmeta_footer_fixed":false,"_eternelmeta_main_cont_padding_top":0,"_eternelmeta_main_cont_padding_bot":104,"_eternelmeta_cursor_circle_light":false,"_eternelmeta_post_title_visibility":false,"_eternelmeta_post_title_alignment":"ta-l","_eternelmeta_post_layout":"","_eternelmeta_post_static_id":0,"_eternelmeta_post_loader":false,"_eternelmeta_post_title_color":"#1f1f1f","_eternelmeta_post_bg_color":"#f2f2f2","pgc_sgb_lightbox_settings":"","footnotes":""},"class_list":["post-5820","page","type-page","status-publish","hentry"],"aioseo_notices":[],"_links":{"self":[{"href":"https:\/\/orgehome.com\/en\/wp-json\/wp\/v2\/pages\/5820","targetHints":{"allow":["GET"]}}],"collection":[{"href":"https:\/\/orgehome.com\/en\/wp-json\/wp\/v2\/pages"}],"about":[{"href":"https:\/\/orgehome.com\/en\/wp-json\/wp\/v2\/types\/page"}],"author":[{"embeddable":true,"href":"https:\/\/orgehome.com\/en\/wp-json\/wp\/v2\/users\/1"}],"replies":[{"embeddable":true,"href":"https:\/\/orgehome.com\/en\/wp-json\/wp\/v2\/comments?post=5820"}],"version-history":[{"count":1,"href":"https:\/\/orgehome.com\/en\/wp-json\/wp\/v2\/pages\/5820\/revisions"}],"predecessor-version":[{"id":5822,"href":"https:\/\/orgehome.com\/en\/wp-json\/wp\/v2\/pages\/5820\/revisions\/5822"}],"wp:attachment":[{"href":"https:\/\/orgehome.com\/en\/wp-json\/wp\/v2\/media?parent=5820"}],"curies":[{"name":"wp","href":"https:\/\/api.w.org\/{rel}","templated":true}]}}