{"id":4954,"date":"2021-06-27T19:29:15","date_gmt":"2021-06-27T19:29:15","guid":{"rendered":"https:\/\/orgehome.com\/orge-home\/"},"modified":"2022-07-05T13:03:20","modified_gmt":"2022-07-05T13:03:20","slug":"orge-home","status":"publish","type":"page","link":"https:\/\/orgehome.com\/en\/","title":{"rendered":"Home"},"content":{"rendered":"\r\n<div class=\"wp-block-eternelblocks-simple-slider is-draggable has-autoplay mobileslider\" data-autoplay=\"8\">\r\n<div class=\"wp-block-eternelblocks-simple-slide\"><div class=\"wp-block-eternelblocks-simple-slide__image\"><img decoding=\"async\" width=\"1080\" height=\"1920\" src=\"https:\/\/orgehome.com\/wp-content\/uploads\/2022\/02\/sahne-b1b-1.jpg\" alt=\"\" class=\"wp-image-3815\" data-id=\"3815\"><\/div><div class=\"wp-block-eternelblocks-simple-slide__inner-wrapper\"><div class=\"wp-block-eternelblocks-simple-slide__inner-container position-center\"><div class=\"wp-block-eternelblocks-simple-slide__inner-holder position-center has-80-w@large has-100-w@medium has-100-w@small\"><div class=\"wp-block-eternelblocks-simple-slide__inner\" style=\"text-align:center\"><div class=\"wp-block-eternelblocks-simple-slide__content\"><div class=\"wp-block-eternelblocks-simple-slide__content-holder\"><\/div><\/div><\/div><\/div><\/div><\/div><\/div>\r\n\r\n\r\n\r\n<div class=\"wp-block-eternelblocks-simple-slide\"><div class=\"wp-block-eternelblocks-simple-slide__image\"><img decoding=\"async\" width=\"1080\" height=\"1920\" src=\"https:\/\/orgehome.com\/wp-content\/uploads\/2022\/02\/sahne-a1b-1.jpg\" alt=\"\" class=\"wp-image-3816\" data-id=\"3816\"><\/div><div class=\"wp-block-eternelblocks-simple-slide__inner-wrapper\"><div class=\"wp-block-eternelblocks-simple-slide__inner-container position-center\"><div class=\"wp-block-eternelblocks-simple-slide__inner-holder position-center has-80-w@large has-100-w@medium has-100-w@small\"><div class=\"wp-block-eternelblocks-simple-slide__inner\" style=\"text-align:center\"><div class=\"wp-block-eternelblocks-simple-slide__content\"><div class=\"wp-block-eternelblocks-simple-slide__content-holder\"><\/div><\/div><\/div><\/div><\/div><\/div><\/div>\r\n<div class=\"wp-block-eternelblocks-simple-slider__navigation\"><div class=\"wp-block-eternelblocks-simple-slider__progress\"><div class=\"wp-block-eternelblocks-simple-slider__progress-inner\"><div class=\"wp-block-eternelblocks-simple-slider__progress-separator\"><div class=\"wp-block-eternelblocks-simple-slider__progress-line\"><\/div><\/div><\/div><\/div><div class=\"wp-block-eternelblocks-simple-slider__bullets\" data-active=\"#ebead4\" data-dot=\"#fff\"><\/div><\/div><div class=\"wp-block-eternelblocks-simple-slider__arrows\"><div class=\"wp-block-eternelblocks-simple-slider__arrow-prev\"><svg class=\"wp-block-eternelblocks-simple-slider__svg\" style=\"stroke:#fff\" xmlns=\"http:\/\/www.w3.org\/2000\/svg\" viewbox=\"0 0 24.27 18.8\"><path class=\"wp-block-eternelblocks-simple-slider__path path--one\" d=\"M0,9.4 C8.09,9.4 16.18,9.4 24.27,9.4 M9.25,18.44 C6.28667,15.47333 3.32333,12.50667 0.36,9.54 M0.36,9.26 C3.32333,6.29 6.28667,3.32 9.25,0.35\"><\/path><path class=\"wp-block-eternelblocks-simple-slider__path path--two\" d=\"M0,9.4 C8.09,9.4 16.18,9.4 24.27,9.4 M9.25,18.44 C6.28667,15.47333 3.32333,12.50667 0.36,9.54 M0.36,9.26 C3.32333,6.29 6.28667,3.32 9.25,0.35\"><\/path><\/svg><\/div><div class=\"wp-block-eternelblocks-simple-slider__arrow-next\"><svg class=\"wp-block-eternelblocks-simple-slider__svg\" style=\"stroke:#fff\" xmlns=\"http:\/\/www.w3.org\/2000\/svg\" viewbox=\"0 0 24.27 18.8\"><path class=\"wp-block-eternelblocks-simple-slider__path path--one\" d=\"M24.27,9.4 C16.18,9.4 8.09,9.4 0,9.4 M15.02,0.35 C17.98667,3.32 20.95333,6.29 23.92,9.26 M23.92,9.54 C20.95333,12.50667 17.98667,15.47333 15.02,18.44\"><\/path><path class=\"wp-block-eternelblocks-simple-slider__path path--two\" d=\"M24.27,9.4 C16.18,9.4 8.09,9.4 0,9.4 M15.02,0.35 C17.98667,3.32 20.95333,6.29 23.92,9.26 M23.92,9.54 C20.95333,12.50667 17.98667,15.47333 15.02,18.44\"><\/path><\/svg><\/div><\/div><\/div>\r\n\r\n\r\n\r\n<div class=\"wp-block-eternelblocks-simple-slider alignfull is-draggable has-autoplay u-cursor-opposite desktopslider\" data-autoplay=\"8\">\r\n<div class=\"wp-block-eternelblocks-simple-slide\"><div class=\"wp-block-eternelblocks-simple-slide__image\"><img decoding=\"async\" width=\"1600\" height=\"760\" src=\"https:\/\/orgehome.com\/wp-content\/uploads\/2022\/01\/GORSEL-1.jpg\" alt=\"\" class=\"wp-image-2041\" data-id=\"2041\"><\/div><div class=\"wp-block-eternelblocks-simple-slide__inner-wrapper\"><div class=\"wp-block-eternelblocks-simple-slide__inner-container position-center\"><div class=\"wp-block-eternelblocks-simple-slide__inner-holder position-center has-80-w@large has-100-w@medium has-100-w@small\"><div class=\"wp-block-eternelblocks-simple-slide__inner\" style=\"text-align:center\"><h2 class=\"wp-block-eternelblocks-simple-slide__title has-white-color\"> <\/h2><div class=\"wp-block-eternelblocks-simple-slide__content\"><div class=\"wp-block-eternelblocks-simple-slide__content-holder\"><\/div><\/div><\/div><\/div><\/div><\/div><\/div>\r\n\r\n\r\n\r\n<div class=\"wp-block-eternelblocks-simple-slide\"><div class=\"wp-block-eternelblocks-simple-slide__image\"><img decoding=\"async\" width=\"1600\" height=\"760\" src=\"https:\/\/orgehome.com\/wp-content\/uploads\/2022\/02\/yatak-sahne-yatay2.jpg\" alt=\"\" class=\"wp-image-3829\" data-id=\"3829\"><\/div><div class=\"wp-block-eternelblocks-simple-slide__inner-wrapper\"><div class=\"wp-block-eternelblocks-simple-slide__inner-container position-center\"><div class=\"wp-block-eternelblocks-simple-slide__inner-holder position-center has-80-w@large has-100-w@medium has-100-w@small\"><div class=\"wp-block-eternelblocks-simple-slide__inner\" style=\"text-align:center\"><div class=\"wp-block-eternelblocks-simple-slide__content\"><div class=\"wp-block-eternelblocks-simple-slide__content-holder\">\r\n<p><\/p>\r\n<\/div><\/div><\/div><\/div><\/div><\/div><\/div>\r\n\r\n\r\n\r\n<div class=\"wp-block-eternelblocks-simple-slide\"><div class=\"wp-block-eternelblocks-simple-slide__image\"><img decoding=\"async\" width=\"1600\" height=\"760\" src=\"https:\/\/orgehome.com\/wp-content\/uploads\/2022\/01\/GORSEL-3.jpg\" alt=\"\" class=\"wp-image-2043\" data-id=\"2043\"><\/div><div class=\"wp-block-eternelblocks-simple-slide__inner-wrapper\"><div class=\"wp-block-eternelblocks-simple-slide__inner-container position-center\"><div class=\"wp-block-eternelblocks-simple-slide__inner-holder position-center has-80-w@large has-100-w@medium has-100-w@small\"><div class=\"wp-block-eternelblocks-simple-slide__inner\" style=\"text-align:center\"><div class=\"wp-block-eternelblocks-simple-slide__content\"><div class=\"wp-block-eternelblocks-simple-slide__content-holder\"><\/div><\/div><\/div><\/div><\/div><\/div><\/div>\r\n<div class=\"wp-block-eternelblocks-simple-slider__navigation\"><div class=\"wp-block-eternelblocks-simple-slider__progress\"><div class=\"wp-block-eternelblocks-simple-slider__progress-inner\"><div class=\"wp-block-eternelblocks-simple-slider__progress-separator\"><div class=\"wp-block-eternelblocks-simple-slider__progress-line\" style=\"background-color:#fff\"><\/div><\/div><\/div><\/div><div class=\"wp-block-eternelblocks-simple-slider__bullets\" data-active=\"#fff\" data-dot=\"#a8a6a4\"><\/div><\/div><div class=\"wp-block-eternelblocks-simple-slider__arrows\"><div class=\"wp-block-eternelblocks-simple-slider__arrow-prev\"><svg class=\"wp-block-eternelblocks-simple-slider__svg\" style=\"stroke:#fff\" xmlns=\"http:\/\/www.w3.org\/2000\/svg\" viewbox=\"0 0 24.27 18.8\"><path class=\"wp-block-eternelblocks-simple-slider__path path--one\" d=\"M0,9.4 C8.09,9.4 16.18,9.4 24.27,9.4 M9.25,18.44 C6.28667,15.47333 3.32333,12.50667 0.36,9.54 M0.36,9.26 C3.32333,6.29 6.28667,3.32 9.25,0.35\"><\/path><path class=\"wp-block-eternelblocks-simple-slider__path path--two\" d=\"M0,9.4 C8.09,9.4 16.18,9.4 24.27,9.4 M9.25,18.44 C6.28667,15.47333 3.32333,12.50667 0.36,9.54 M0.36,9.26 C3.32333,6.29 6.28667,3.32 9.25,0.35\"><\/path><\/svg><\/div><div class=\"wp-block-eternelblocks-simple-slider__arrow-next\"><svg class=\"wp-block-eternelblocks-simple-slider__svg\" style=\"stroke:#fff\" xmlns=\"http:\/\/www.w3.org\/2000\/svg\" viewbox=\"0 0 24.27 18.8\"><path class=\"wp-block-eternelblocks-simple-slider__path path--one\" d=\"M24.27,9.4 C16.18,9.4 8.09,9.4 0,9.4 M15.02,0.35 C17.98667,3.32 20.95333,6.29 23.92,9.26 M23.92,9.54 C20.95333,12.50667 17.98667,15.47333 15.02,18.44\"><\/path><path class=\"wp-block-eternelblocks-simple-slider__path path--two\" d=\"M24.27,9.4 C16.18,9.4 8.09,9.4 0,9.4 M15.02,0.35 C17.98667,3.32 20.95333,6.29 23.92,9.26 M23.92,9.54 C20.95333,12.50667 17.98667,15.47333 15.02,18.44\"><\/path><\/svg><\/div><\/div><\/div>\r\n\r\n\r\n\r\n<div class=\"wp-block-group alignfull has-white-background-color has-background\" style=\"padding-top:0px;padding-right:0px;padding-bottom:0px;padding-left:0px\"><div class=\"wp-block-group__inner-container is-layout-flow wp-block-group-is-layout-flow\">\r\n<div class=\"wp-block-eternelblocks-spacer has-128-height@large has-96-height@medium has-86-height@small\"><\/div>\r\n\r\n\r\n\r\n<h2 class=\"wp-block-heading\" style=\"font-size:30px\">Our Featured Products<\/h2>\r\n\r\n\r\n<div class=\"wp-block-eternelblocks-portfolio-scroll grid-layout-classic\"><div class=\"wp-block-eternelblocks-portfolio-scroll__wrapper align-center\"><article class=\"wp-block-eternelblocks-portfolio-scroll__article\"><div class=\"wp-block-eternelblocks-portfolio-scroll__inner\"><div class=\"wp-block-eternelblocks-portfolio-scroll__image\"><img decoding=\"async\" width=\"1220\" height=\"650\" src=\"https:\/\/orgehome.com\/wp-content\/uploads\/all\/MOON-OVAL-KANEPE-1.jpeg\" class=\"attachment-post-thumbnail size-post-thumbnail wp-post-image\" alt=\"\" \/><a class=\"wp-block-eternelblocks-portfolio-scroll__link\" href=\"https:\/\/orgehome.com\/en\/koleksiyon\/moon-oval\/\" title=\"MOON OVAL\"><\/a><\/div><div class=\"wp-block-eternelblocks-portfolio-scroll__header-wrapper\"><div class=\"wp-block-eternelblocks-portfolio-scroll__header\"><h4 class=\"wp-block-eternelblocks-portfolio-scroll__title\">MOON OVAL<\/h4><a class=\"wp-block-eternelblocks-portfolio-scroll__link\" href=\"https:\/\/orgehome.com\/en\/koleksiyon\/moon-oval\/\" title=\"MOON OVAL\"><\/a><\/div><\/div><\/div><\/article><article class=\"wp-block-eternelblocks-portfolio-scroll__article\"><div class=\"wp-block-eternelblocks-portfolio-scroll__inner\"><div class=\"wp-block-eternelblocks-portfolio-scroll__image\"><img decoding=\"async\" width=\"1220\" height=\"642\" src=\"https:\/\/orgehome.com\/wp-content\/uploads\/GRACE-KOSE-KANEPE-4.jpeg\" class=\"attachment-post-thumbnail size-post-thumbnail wp-post-image\" alt=\"\" srcset=\"https:\/\/orgehome.com\/wp-content\/uploads\/GRACE-KOSE-KANEPE-4.jpeg 1220w, https:\/\/orgehome.com\/wp-content\/uploads\/GRACE-KOSE-KANEPE-4-300x158.jpeg 300w, https:\/\/orgehome.com\/wp-content\/uploads\/GRACE-KOSE-KANEPE-4-1024x539.jpeg 1024w, https:\/\/orgehome.com\/wp-content\/uploads\/GRACE-KOSE-KANEPE-4-768x404.jpeg 768w\" sizes=\"(max-width: 1280px) calc(100vw + 1.25rem*2 + 0.625rem*2), 1220px\" \/><a class=\"wp-block-eternelblocks-portfolio-scroll__link\" href=\"https:\/\/orgehome.com\/en\/koleksiyon\/kanepeler-glorious-kose-kanepe\/\" title=\"Kanepeler &#8211; GRACE K\u00d6\u015eE KANEPE\"><\/a><\/div><div class=\"wp-block-eternelblocks-portfolio-scroll__header-wrapper\"><div class=\"wp-block-eternelblocks-portfolio-scroll__header\"><h4 class=\"wp-block-eternelblocks-portfolio-scroll__title\">Kanepeler &#8211; GRACE K\u00d6\u015eE KANEPE<\/h4><a class=\"wp-block-eternelblocks-portfolio-scroll__link\" href=\"https:\/\/orgehome.com\/en\/koleksiyon\/kanepeler-glorious-kose-kanepe\/\" title=\"Kanepeler &#8211; GRACE K\u00d6\u015eE KANEPE\"><\/a><\/div><\/div><\/div><\/article><article class=\"wp-block-eternelblocks-portfolio-scroll__article\"><div class=\"wp-block-eternelblocks-portfolio-scroll__inner\"><div class=\"wp-block-eternelblocks-portfolio-scroll__image\"><img decoding=\"async\" width=\"1220\" height=\"650\" src=\"https:\/\/orgehome.com\/wp-content\/uploads\/all\/MASTER-KOSE-1.jpg\" class=\"attachment-post-thumbnail size-post-thumbnail wp-post-image\" alt=\"\" \/><a class=\"wp-block-eternelblocks-portfolio-scroll__link\" href=\"https:\/\/orgehome.com\/en\/koleksiyon\/master-kose-kanepe\/\" title=\"MASTER CORNER\"><\/a><\/div><div class=\"wp-block-eternelblocks-portfolio-scroll__header-wrapper\"><div class=\"wp-block-eternelblocks-portfolio-scroll__header\"><h4 class=\"wp-block-eternelblocks-portfolio-scroll__title\">MASTER CORNER<\/h4><a class=\"wp-block-eternelblocks-portfolio-scroll__link\" href=\"https:\/\/orgehome.com\/en\/koleksiyon\/master-kose-kanepe\/\" title=\"MASTER CORNER\"><\/a><\/div><\/div><\/div><\/article><article class=\"wp-block-eternelblocks-portfolio-scroll__article\"><div class=\"wp-block-eternelblocks-portfolio-scroll__inner\"><div class=\"wp-block-eternelblocks-portfolio-scroll__image\"><img decoding=\"async\" width=\"1220\" height=\"650\" src=\"https:\/\/orgehome.com\/wp-content\/uploads\/all\/MASTER-OVAL-KANEPE-1-1.jpeg\" class=\"attachment-post-thumbnail size-post-thumbnail wp-post-image\" alt=\"\" \/><a class=\"wp-block-eternelblocks-portfolio-scroll__link\" href=\"https:\/\/orgehome.com\/en\/koleksiyon\/master-oval\/\" title=\"MASTER OVAL\"><\/a><\/div><div class=\"wp-block-eternelblocks-portfolio-scroll__header-wrapper\"><div class=\"wp-block-eternelblocks-portfolio-scroll__header\"><h4 class=\"wp-block-eternelblocks-portfolio-scroll__title\">MASTER OVAL<\/h4><a class=\"wp-block-eternelblocks-portfolio-scroll__link\" href=\"https:\/\/orgehome.com\/en\/koleksiyon\/master-oval\/\" title=\"MASTER OVAL\"><\/a><\/div><\/div><\/div><\/article><article class=\"wp-block-eternelblocks-portfolio-scroll__article\"><div class=\"wp-block-eternelblocks-portfolio-scroll__inner\"><div class=\"wp-block-eternelblocks-portfolio-scroll__image\"><img decoding=\"async\" width=\"1220\" height=\"650\" src=\"https:\/\/orgehome.com\/wp-content\/uploads\/all\/SOHO-KO\u0308S\u0327E-KANEPE-1.jpg\" class=\"attachment-post-thumbnail size-post-thumbnail wp-post-image\" alt=\"\" \/><a class=\"wp-block-eternelblocks-portfolio-scroll__link\" href=\"https:\/\/orgehome.com\/en\/koleksiyon\/soho-corner-sofa\/\" title=\"SOHO CORNER\"><\/a><\/div><div class=\"wp-block-eternelblocks-portfolio-scroll__header-wrapper\"><div class=\"wp-block-eternelblocks-portfolio-scroll__header\"><h4 class=\"wp-block-eternelblocks-portfolio-scroll__title\">SOHO CORNER<\/h4><a class=\"wp-block-eternelblocks-portfolio-scroll__link\" href=\"https:\/\/orgehome.com\/en\/koleksiyon\/soho-corner-sofa\/\" title=\"SOHO CORNER\"><\/a><\/div><\/div><\/div><\/article><div class=\"wp-block-eternelblocks-portfolio-scroll__btn\"><div class=\"wp-block-eternelblocks-portfolio-scroll__btn-holder\"><a href=\"https:\/\/orgehome.com\/orge-koleksiyon\/\"><svg class=\"link-circle\" viewBox=\"0 0 500 500\"><defs><path id=\"portfolio-scroll-text\" d=\"M250,400 a150,150 0 0,1 0,-300a150,150 0 0,1 0,300Z\"><\/path><\/defs><text style=\"font-size:46px;\"><textPath href=\"#portfolio-scroll-text\">T\u00fcm \u00dcr\u00fcnlerimiz \u00b7\u00b7\u00b7\u00b7\u00b7\u00b7 T\u00fcm \u00dcr\u00fcnlerimiz \u00b7\u00b7\u00b7\u00b7\u00b7\u00b7 <\/textPath><\/text><\/svg><div class=\"wp-block-eternelblocks-portfolio-scroll__btn-dot\"><\/div><\/a><\/div><\/div><\/div><div class=\"wp-block-eternelblocks-portfolio-scroll__proxy\"><\/div><\/div>\r\n\r\n\r\n<p><\/p>\r\n\r\n\r\n\r\n<div class=\"wp-block-eternelblocks-scroll-anim anim-fade-up\"><div class=\"wp-block-eternelblocks-scroll-anim__inner\"><div class=\"wp-block-eternelblocks-scroll-anim__holder\">\r\n<div class=\"wp-block-eternelblocks-button aligncenter\"><a href=\"https:\/\/orgehome.com\/en\/collection\/\" class=\"wp-block-eternelblocks-button__link has-pl-52 has-pr-52 has-pt-20 has-pb-20\"><div class=\"wp-block-eternelblocks-button__holder\"><p class=\"wp-block-eternelblocks-button__text\">VIEW COLLECTION<\/p><p class=\"wp-block-eternelblocks-button__text--over\">VIEW COLLECTION<\/p><\/div><\/a><\/div>\r\n\r\n\r\n\r\n<p><\/p>\r\n<\/div><\/div><\/div>\r\n\r\n\r\n\r\n<div class=\"wp-block-columns alignfull orgusecenekblok eternel-gap-80 eternel-gap-80@large is-layout-flex wp-container-core-columns-is-layout-9d6595d7 wp-block-columns-is-layout-flex\" style=\"margin-bottom:0\">\r\n<div class=\"wp-block-column is-layout-flow wp-block-column-is-layout-flow\">\r\n<div class=\"wp-block-eternelblocks-hero-image has-h-650-px@large has-h-300-px@medium has-h-300-px@small\"><div class=\"wp-block-eternelblocks-hero-image__image image-cover parallax-top false\"><img decoding=\"async\" width=\"1899\" height=\"1899\" src=\"https:\/\/orgehome.com\/wp-content\/uploads\/2022\/01\/kendin_tasarla.jpg\" alt=\"\" class=\"wp-image-3603\"><\/div><div class=\"wp-block-eternelblocks-hero-image__inner-wrapper position-middle-center has-50-w@large has-70-w@medium has-80-w@small\"><div class=\"wp-block-eternelblocks-hero-image__inner-container\"><div class=\"wp-block-eternelblocks-hero-image__inner\"><\/div><\/div><\/div><\/div>\r\n<\/div>\r\n\r\n\r\n\r\n<div class=\"wp-block-column is-vertically-aligned-center is-layout-flow wp-block-column-is-layout-flow\">\r\n<div class=\"wp-block-eternelblocks-inner position-left\"><div class=\"wp-block-eternelblocks-inner__container has-100-w@large has-100-w@medium has-100-w@small has-vp-20@small has-hp-30@small\">\r\n<div class=\"wp-block-eternelblocks-spacer has-24-height@small\"><\/div>\r\n\r\n\r\n\r\n<h3 class=\"eternel-splittext wp-block-heading\" style=\"margin-bottom:14px\">Personal Design<\/h3>\r\n\r\n\r\n\r\n<h3 class=\"eternel-splittext wp-block-heading\" style=\"margin-bottom:14px\">color and size options<\/h3>\r\n\r\n\r\n\r\n<p class=\"eternel-splittext\" id=\"orgusecenekleri\" style=\"font-size:27px;margin-bottom:10px\">Each of \u00d6rge Home products is customizable and prepared according to the materials and dimensions you order.<\/p>\r\n\r\n\r\n\r\n<div class=\"wp-block-eternelblocks-spacer has-48-height@small\"><\/div>\r\n<\/div><\/div>\r\n<\/div>\r\n<\/div>\r\n\r\n\r\n\r\n<p><\/p>\r\n<\/div><\/div>\r\n\r\n\r\n\r\n<p><\/p>\r\n\r\n\r\n\r\n<p><\/p>\r\n\r\n\r\n<style>\r\n#content > div.o-main-container.u-padding-top-0.u-padding-bottom-0 > div > div > div > main > div > div > div.wp-block-group.alignfull.has-white-background-color.has-background > div > h2 {\r\n    display: none;\r\n}\r\n#content > div.o-main-container.u-padding-top-0.u-padding-bottom-0 > div > div > div > main > div > div > div.wp-block-group.alignfull.has-white-background-color.has-background > div > div.pin-spacer {\r\n    display: none!important;\r\n}\r\n#content > div.o-main-container.u-padding-top-0.u-padding-bottom-0 > div > div > div > main > div > div > div.wp-block-group.alignfull.has-white-background-color.has-background > div > div.wp-block-eternelblocks-spacer.has-128-height\\@large.has-96-height\\@medium.has-86-height\\@small {\r\n    display: none!important;\r\n}\r\n#content > div.o-main-container.u-padding-top-0.u-padding-bottom-0 > div > div > div > main > div > div > div.wp-block-group.alignfull.has-white-background-color.has-background > div > div.wp-block-eternelblocks-scroll-anim.anim-fade-up {\r\n    display: none!important;\r\n}\r\n\r\n<\/style>","protected":false},"excerpt":{"rendered":"<p>Our Featured Products<\/p>\n","protected":false},"author":1,"featured_media":0,"parent":0,"menu_order":0,"comment_status":"closed","ping_status":"closed","template":"","meta":{"_eternelmeta_header_display":true,"_eternelmeta_header_style":"style-one","_eternelmeta_header_border":true,"_eternelmeta_header_main_nav":true,"_eternelmeta_header_main_nav_pos":"right","_eternelmeta_header_main_nav_light":true,"_eternelmeta_header_sec_nav":true,"_eternelmeta_header_sec_nav_light":true,"_eternelmeta_header_sec_logo":true,"_eternelmeta_header_bg":"transparent","_eternelmeta_header_cursor_color":true,"_eternelmeta_header_sticky":false,"_eternelmeta_header_search_icon_display":false,"_eternelmeta_header_search_icon_light":false,"_eternelmeta_header_woo_cart_display":false,"_eternelmeta_header_woo_icon_light":false,"_eternelmeta_header_sticky_style":"style-one","_eternelmeta_header_sticky_border":true,"_eternelmeta_header_sticky_main_nav":true,"_eternelmeta_header_sticky_main_nav_pos":"right","_eternelmeta_header_sticky_main_nav_light":false,"_eternelmeta_header_sticky_sec_nav":true,"_eternelmeta_header_sticky_sec_nav_light":false,"_eternelmeta_header_sticky_sec_logo":false,"_eternelmeta_header_sticky_bg":"transparent","_eternelmeta_header_sticky_cursor_color":false,"_eternelmeta_header_sticky_search_icon_display":false,"_eternelmeta_header_sticky_search_icon_light":false,"_eternelmeta_header_sticky_woo_cart_display":false,"_eternelmeta_header_sticky_woo_icon_light":false,"_eternelmeta_footer_widget":true,"_eternelmeta_footer_dark_mode":true,"_eternelmeta_footer_cursor_color":true,"_eternelmeta_footer_info":true,"_eternelmeta_footer_border":false,"_eternelmeta_footer_fixed":true,"_eternelmeta_main_cont_padding_top":0,"_eternelmeta_main_cont_padding_bot":0,"_eternelmeta_cursor_circle_light":false,"_eternelmeta_post_title_visibility":false,"_eternelmeta_post_title_alignment":"ta-l","_eternelmeta_post_layout":"","_eternelmeta_post_static_id":0,"_eternelmeta_post_loader":false,"_eternelmeta_post_title_color":"#1f1f1f","_eternelmeta_post_bg_color":"#f2f2f2","pgc_sgb_lightbox_settings":"","footnotes":""},"class_list":["post-4954","page","type-page","status-publish","hentry"],"aioseo_notices":[],"_links":{"self":[{"href":"https:\/\/orgehome.com\/en\/wp-json\/wp\/v2\/pages\/4954","targetHints":{"allow":["GET"]}}],"collection":[{"href":"https:\/\/orgehome.com\/en\/wp-json\/wp\/v2\/pages"}],"about":[{"href":"https:\/\/orgehome.com\/en\/wp-json\/wp\/v2\/types\/page"}],"author":[{"embeddable":true,"href":"https:\/\/orgehome.com\/en\/wp-json\/wp\/v2\/users\/1"}],"replies":[{"embeddable":true,"href":"https:\/\/orgehome.com\/en\/wp-json\/wp\/v2\/comments?post=4954"}],"version-history":[{"count":4,"href":"https:\/\/orgehome.com\/en\/wp-json\/wp\/v2\/pages\/4954\/revisions"}],"predecessor-version":[{"id":7012,"href":"https:\/\/orgehome.com\/en\/wp-json\/wp\/v2\/pages\/4954\/revisions\/7012"}],"wp:attachment":[{"href":"https:\/\/orgehome.com\/en\/wp-json\/wp\/v2\/media?parent=4954"}],"curies":[{"name":"wp","href":"https:\/\/api.w.org\/{rel}","templated":true}]}}