{"id":4949,"date":"2022-01-28T12:17:17","date_gmt":"2022-01-28T12:17:17","guid":{"rendered":"https:\/\/orgehome.com\/catalog-request-form\/"},"modified":"2022-02-12T10:44:49","modified_gmt":"2022-02-12T10:44:49","slug":"catalog-request-form","status":"publish","type":"page","link":"https:\/\/orgehome.com\/en\/catalog-request-form\/","title":{"rendered":"Online Catalog"},"content":{"rendered":"\n<div class=\"wp-block-eternelblocks-spacer has-136-height@large has-106-height@medium has-96-height@small\"><\/div>\n\n\n\n<div class=\"wp-block-columns kataloggorsel eternel-gap-80 eternel-gap-80@large is-layout-flex wp-container-core-columns-is-layout-9d6595d7 wp-block-columns-is-layout-flex\" style=\"margin-bottom:0\">\n<div class=\"wp-block-column is-layout-flow wp-block-column-is-layout-flow\">\n<div class=\"wp-block-eternelblocks-scroll-anim anim-reveal-l\"><div class=\"wp-block-eternelblocks-scroll-anim__inner\"><div class=\"wp-block-eternelblocks-scroll-anim__holder\">\n<div class=\"wp-block-eternelblocks-hero-image has-h-570-px@large has-h-300-px@medium has-h-300-px@small katalogxx\"><div class=\"wp-block-eternelblocks-hero-image__image image-cover parallax-top false\"><img decoding=\"async\" width=\"1000\" height=\"1027\" src=\"https:\/\/orgehome.dijitalizm.com\/wp-content\/uploads\/2022\/02\/katalog.png\" alt=\"\" class=\"wp-image-3899\"><\/div><div class=\"wp-block-eternelblocks-hero-image__inner-wrapper position-middle-center has-49-w@large has-70-w@medium has-80-w@small\"><div class=\"wp-block-eternelblocks-hero-image__inner-container\"><div class=\"wp-block-eternelblocks-hero-image__inner\">\n<p><\/p>\n<\/div><\/div><\/div><\/div>\n<\/div><\/div><\/div>\n\n\n\n<div class=\"wp-block-eternelblocks-spacer has-40-height@small\"><\/div>\n<\/div>\n\n\n\n<div class=\"wp-block-column is-vertically-aligned-center kataloggorsel is-layout-flow wp-block-column-is-layout-flow\">\n<div class=\"wp-block-eternelblocks-inner position-left\"><div class=\"wp-block-eternelblocks-inner__container has-80-w@large has-100-w@medium has-100-w@small\">\n<h3 class=\"has-large-font-size eternel-splittext wp-block-heading\" style=\"margin-bottom:14px;text-transform:uppercase\">Catalog Request Form<\/h3>\n\n\n\n<p><\/p>\n<\/div><\/div>\n\n\n\n<p class=\"eternel-splittext\" style=\"margin-bottom:24px\">To download the \u00d6rge Home Product Catalogue, please fill in the request form. Automatically after you fill out and submit the form You will be directed to the catalog download link.<\/p>\n\n\n\n<div class=\"wpforms-container wpforms-container-full\" id=\"wpforms-3620\"><form id=\"wpforms-form-3620\" class=\"wpforms-validate wpforms-form wpforms-ajax-form\" data-formid=\"3620\" method=\"post\" enctype=\"multipart\/form-data\" action=\"\/en\/wp-json\/wp\/v2\/pages\/4949\" data-token=\"10509fa3e675de434acea360e8e79855\" data-token-time=\"1775293310\"><noscript class=\"wpforms-error-noscript\">Please enable JavaScript in your browser to complete this form.<\/noscript><div class=\"wpforms-field-container\"><div id=\"wpforms-3620-field_0-container\" class=\"wpforms-field wpforms-field-name\" data-field-id=\"0\"><label class=\"wpforms-field-label\" for=\"wpforms-3620-field_0\">Ad\u0131n\u0131z, Soyad\u0131n\u0131z <span class=\"wpforms-required-label\">*<\/span><\/label><input type=\"text\" id=\"wpforms-3620-field_0\" class=\"wpforms-field-medium wpforms-field-required\" name=\"wpforms[fields][0]\" required><\/div><div id=\"wpforms-3620-field_1-container\" class=\"wpforms-field wpforms-field-email\" data-field-id=\"1\"><label class=\"wpforms-field-label\" for=\"wpforms-3620-field_1\">Email Adresiniz <span class=\"wpforms-required-label\">*<\/span><\/label><input type=\"email\" id=\"wpforms-3620-field_1\" class=\"wpforms-field-medium wpforms-field-required\" name=\"wpforms[fields][1]\" spellcheck=\"false\" required><\/div><div id=\"wpforms-3620-field_6-container\" class=\"wpforms-field wpforms-field-mailchimp\" data-field-id=\"6\"><ul id=\"\" class=\"\"><li class=\"choice-0 depth-1\"><input type=\"checkbox\" id=\"wpforms-3620-field_6_0\" name=\"wpforms[fields][6]\" value=\"1\"  checked='checked' ><label class=\"wpforms-field-label-inline\" for=\"wpforms-3620-field_6_0\">E-B\u00fcltene \u00fcye ol<\/label><\/li><\/ul><\/div><\/div><!-- .wpforms-field-container --><div class=\"wpforms-submit-container\" ><input type=\"hidden\" name=\"wpforms[id]\" value=\"3620\"><input type=\"hidden\" name=\"page_title\" value=\"\"><input type=\"hidden\" name=\"page_url\" value=\"https:\/\/orgehome.com\/en\/wp-json\/wp\/v2\/pages\/4949\"><input type=\"hidden\" name=\"url_referer\" value=\"\"><button type=\"submit\" name=\"wpforms[submit]\" id=\"wpforms-submit-3620\" class=\"wpforms-submit\" data-alt-text=\"G\u00f6nderiliyor...\" data-submit-text=\"G\u00f6nder\" aria-live=\"assertive\" value=\"wpforms-submit\">G\u00f6nder<\/button><img decoding=\"async\" src=\"https:\/\/orgehome.com\/wp-content\/plugins\/wpforms-lite\/assets\/images\/submit-spin.svg\" class=\"wpforms-submit-spinner\" style=\"display: none;\" width=\"26\" height=\"26\" alt=\"Loading\"><\/div><\/form><\/div>  <!-- .wpforms-container -->\n\n\n\n<p><\/p>\n<\/div>\n<\/div>\n\n\n\n<div class=\"wp-block-eternelblocks-spacer has-136-height@large has-106-height@medium has-96-height@small\"><\/div>\n\n\n\n<div class=\"wp-block-eternelblocks-spacer has-126-height@large has-96-height@medium has-96-height@small\"><\/div>\n","protected":false},"excerpt":{"rendered":"<p>To download the \u00d6rge Home Product Catalogue, please fill in the request form. Automatically after you fill out and submit the form You will be directed to the catalog download link.<\/p>\n","protected":false},"author":1,"featured_media":0,"parent":0,"menu_order":0,"comment_status":"closed","ping_status":"closed","template":"","meta":{"_eternelmeta_header_display":true,"_eternelmeta_header_style":"style-one","_eternelmeta_header_border":true,"_eternelmeta_header_main_nav":true,"_eternelmeta_header_main_nav_pos":"right","_eternelmeta_header_main_nav_light":true,"_eternelmeta_header_sec_nav":true,"_eternelmeta_header_sec_nav_light":true,"_eternelmeta_header_sec_logo":true,"_eternelmeta_header_bg":"transparent","_eternelmeta_header_cursor_color":true,"_eternelmeta_header_sticky":true,"_eternelmeta_header_search_icon_display":false,"_eternelmeta_header_search_icon_light":false,"_eternelmeta_header_woo_cart_display":false,"_eternelmeta_header_woo_icon_light":false,"_eternelmeta_header_sticky_style":"style-one","_eternelmeta_header_sticky_border":true,"_eternelmeta_header_sticky_main_nav":true,"_eternelmeta_header_sticky_main_nav_pos":"right","_eternelmeta_header_sticky_main_nav_light":false,"_eternelmeta_header_sticky_sec_nav":true,"_eternelmeta_header_sticky_sec_nav_light":false,"_eternelmeta_header_sticky_sec_logo":false,"_eternelmeta_header_sticky_bg":"light","_eternelmeta_header_sticky_cursor_color":false,"_eternelmeta_header_sticky_search_icon_display":false,"_eternelmeta_header_sticky_search_icon_light":false,"_eternelmeta_header_sticky_woo_cart_display":false,"_eternelmeta_header_sticky_woo_icon_light":false,"_eternelmeta_footer_widget":true,"_eternelmeta_footer_dark_mode":false,"_eternelmeta_footer_cursor_color":false,"_eternelmeta_footer_info":true,"_eternelmeta_footer_border":true,"_eternelmeta_footer_fixed":false,"_eternelmeta_main_cont_padding_top":0,"_eternelmeta_main_cont_padding_bot":0,"_eternelmeta_cursor_circle_light":false,"_eternelmeta_post_title_visibility":false,"_eternelmeta_post_title_alignment":"ta-l","_eternelmeta_post_layout":"","_eternelmeta_post_static_id":0,"_eternelmeta_post_loader":false,"_eternelmeta_post_title_color":"#1f1f1f","_eternelmeta_post_bg_color":"#f2f2f2","pgc_sgb_lightbox_settings":"","footnotes":""},"class_list":["post-4949","page","type-page","status-publish","hentry"],"aioseo_notices":[],"_links":{"self":[{"href":"https:\/\/orgehome.com\/en\/wp-json\/wp\/v2\/pages\/4949","targetHints":{"allow":["GET"]}}],"collection":[{"href":"https:\/\/orgehome.com\/en\/wp-json\/wp\/v2\/pages"}],"about":[{"href":"https:\/\/orgehome.com\/en\/wp-json\/wp\/v2\/types\/page"}],"author":[{"embeddable":true,"href":"https:\/\/orgehome.com\/en\/wp-json\/wp\/v2\/users\/1"}],"replies":[{"embeddable":true,"href":"https:\/\/orgehome.com\/en\/wp-json\/wp\/v2\/comments?post=4949"}],"version-history":[{"count":3,"href":"https:\/\/orgehome.com\/en\/wp-json\/wp\/v2\/pages\/4949\/revisions"}],"predecessor-version":[{"id":5829,"href":"https:\/\/orgehome.com\/en\/wp-json\/wp\/v2\/pages\/4949\/revisions\/5829"}],"wp:attachment":[{"href":"https:\/\/orgehome.com\/en\/wp-json\/wp\/v2\/media?parent=4949"}],"curies":[{"name":"wp","href":"https:\/\/api.w.org\/{rel}","templated":true}]}}